{"id":77,"date":"2024-05-29T11:22:12","date_gmt":"2024-05-29T09:22:12","guid":{"rendered":"https:\/\/alyxtj.fr\/blog\/?page_id=77"},"modified":"2024-05-29T11:22:13","modified_gmt":"2024-05-29T09:22:13","slug":"a-propos","status":"publish","type":"page","link":"https:\/\/alyxtj.fr\/blog\/a-propos\/","title":{"rendered":"\u00c0 propos"},"content":{"rendered":"<div class=\"entry\">\n\n\n<p>Yes, je me suis souvenue du premier coup de alt+192 !<\/p>\n\n\n\n<p>Anyway, ici Alyx. J&rsquo;ai 31ans, toutes mes dents*.  <\/p>\n\n\n\n<p>Je suis une femme trans. Avec ma compagne on est en parcours de PMA.<\/p>\n\n\n\n<p>J&rsquo;ai quitt\u00e9 Twitter il y a quelques temps, c&rsquo;\u00e9tait un peu ma seule ligne de vie sociale (oui, si je favais vos tweets c&rsquo;\u00e9tait un investissement \u00e9norme) et la perspective des r\u00e9seaux m&rsquo;\u00e9puise \u00e9norm\u00e9ment aujourd&rsquo;hui. Alors j&rsquo;ai repens\u00e9 \u00e0 cette p\u00e9riode faste et foireuse o\u00f9 les gens avaient encore des blogs, chose que je n&rsquo;ai jamais eue, et je me suis dit pourquoi pas aller \u00e0 contre-courant. \u00c7a signifie aussi une newsletter en moins dans les boites mails des proches en saturation. Ce ne sont de toute fa\u00e7on pas le m\u00eame investissement, les m\u00eames objectifs ni la m\u00eame \u00e9criture. Ici je publie des choses qui tombent au centre du venn diagram de ce que je raconte et de ce que je n&rsquo;ose pas raconter \u00e0 mes proches, \u00e0 ma psy et \u00e0 mon journal intime. Et qui sait peut-\u00eatre que je finirai aussi par parler de choses int\u00e9ressantes donc restez un peu. En attendant \u00e7a me d\u00e9range pas d&rsquo;\u00e9crire dans le vide.<\/p>\n\n\n\n<p>Pourquoi me lire :<\/p>\n\n\n\n<ul class=\"wp-block-list\">\n<li>Tu t&rsquo;int\u00e9resses aux <em>trials and tribulations<\/em> d&rsquo;une PMA de couple lesbien<\/li>\n\n\n\n<li>Tu as plein de trucs \u00e0 d\u00e9tricoter chez l\u00e6 psy mais tu l\u00e6 revois pas tout de suite (non \u00e7a c&rsquo;est pour moi ?)<\/li>\n\n\n\n<li>Toi aussi \u00e7a t&rsquo;avais manqu\u00e9 ce format long et irr\u00e9gulier<\/li>\n\n\n\n<li>Tu as entre 25 et 45ans et on \u00e9coute la m\u00eame musique<\/li>\n\n\n\n<li>Tu me d\u00e9testes\/aimes secr\u00e8tement et tu veux savoir ce qui se passe dans ma vie en te frottant les mains<\/li>\n<\/ul>\n\n\n\n<p>Il te reste plus qu&rsquo;\u00e0 liker cette vid\u00e9o et \u00e0 t&rsquo;abonner, n&rsquo;oublie pas de cocher la petite cloche si tu veux \u00eatre pr\u00e9venu\u00b7e des prochaines sorties !<\/p>\n\n\n\n<hr class=\"wp-block-separator has-alpha-channel-opacity\"\/>\n\n\n\n<p> *En fait \u00e7a rime avec \u00ab\u00a0ans\u00a0\u00bb donc tu peux dire \u00e7a \u00e0 n&rsquo;importe quel \u00e2ge, enfin tant que tu les as, c&rsquo;est con, il faudrait un dicton pour chaque ann\u00e9e de plus <em>on this wretched earth<\/em>.<\/p>\n\n\n<\/div>","protected":false},"excerpt":{"rendered":"<p>Yes, je me suis souvenue du premier coup de alt+192 ! Anyway, ici Alyx. J&rsquo;ai 31ans, toutes mes dents*. Je suis une femme trans. Avec ma compagne on est en parcours de PMA. J&rsquo;ai quitt\u00e9 Twitter il y a quelques temps, c&rsquo;\u00e9tait un peu ma seule ligne de vie sociale (oui, si je favais vos &#8230;<\/p>\n","protected":false},"author":1,"featured_media":0,"parent":0,"menu_order":0,"comment_status":"closed","ping_status":"closed","template":"","meta":{"jetpack_post_was_ever_published":false,"footnotes":""},"class_list":["post-77","page","type-page","status-publish"],"jetpack_sharing_enabled":true,"jetpack_likes_enabled":true,"_links":{"self":[{"href":"https:\/\/alyxtj.fr\/blog\/wp-json\/wp\/v2\/pages\/77","targetHints":{"allow":["GET"]}}],"collection":[{"href":"https:\/\/alyxtj.fr\/blog\/wp-json\/wp\/v2\/pages"}],"about":[{"href":"https:\/\/alyxtj.fr\/blog\/wp-json\/wp\/v2\/types\/page"}],"author":[{"embeddable":true,"href":"https:\/\/alyxtj.fr\/blog\/wp-json\/wp\/v2\/users\/1"}],"replies":[{"embeddable":true,"href":"https:\/\/alyxtj.fr\/blog\/wp-json\/wp\/v2\/comments?post=77"}],"version-history":[{"count":1,"href":"https:\/\/alyxtj.fr\/blog\/wp-json\/wp\/v2\/pages\/77\/revisions"}],"predecessor-version":[{"id":79,"href":"https:\/\/alyxtj.fr\/blog\/wp-json\/wp\/v2\/pages\/77\/revisions\/79"}],"wp:attachment":[{"href":"https:\/\/alyxtj.fr\/blog\/wp-json\/wp\/v2\/media?parent=77"}],"curies":[{"name":"wp","href":"https:\/\/api.w.org\/{rel}","templated":true}]}}